{"id":1587,"date":"2021-11-12T15:00:00","date_gmt":"2021-11-12T20:00:00","guid":{"rendered":"https:\/\/colombiaflores.com.co\/?product=flores-de-amor-bogota"},"modified":"2024-05-10T00:47:04","modified_gmt":"2024-05-10T05:47:04","slug":"flores-de-amor-bogota","status":"publish","type":"product","link":"https:\/\/colombiaflores.com.co\/?product=flores-de-amor-bogota","title":{"rendered":"Flores de amor Bogot\u00e1"},"content":{"rendered":"","protected":false},"excerpt":{"rendered":"<p>El arreglo de Flores de amor Bogot\u00e1 es un hermoso detalle compuesto por aproximadamente 150 rosas en base con forma de coraz\u00f3n, por el volumen del arreglo se debe reservar por lo menos con 24 horas de antelaci\u00f3n, dise\u00f1ado para que puedas expresarle tus sentimientos a esa persona especial. Incluye tarjeta con un mensaje personalizado sin costo adicional.<\/p>\n","protected":false},"featured_media":1344,"template":"","meta":[],"product_cat":[24],"product_tag":[],"class_list":{"0":"post-1587","1":"product","2":"type-product","3":"status-publish","4":"has-post-thumbnail","6":"product_cat-flores-para-mi-novia","8":"first","9":"instock","10":"featured","11":"shipping-taxable","12":"purchasable","13":"product-type-simple"},"aioseo_notices":[],"_links":{"self":[{"href":"https:\/\/colombiaflores.com.co\/index.php?rest_route=\/wp\/v2\/product\/1587","targetHints":{"allow":["GET"]}}],"collection":[{"href":"https:\/\/colombiaflores.com.co\/index.php?rest_route=\/wp\/v2\/product"}],"about":[{"href":"https:\/\/colombiaflores.com.co\/index.php?rest_route=\/wp\/v2\/types\/product"}],"wp:featuredmedia":[{"embeddable":true,"href":"https:\/\/colombiaflores.com.co\/index.php?rest_route=\/wp\/v2\/media\/1344"}],"wp:attachment":[{"href":"https:\/\/colombiaflores.com.co\/index.php?rest_route=%2Fwp%2Fv2%2Fmedia&parent=1587"}],"wp:term":[{"taxonomy":"product_cat","embeddable":true,"href":"https:\/\/colombiaflores.com.co\/index.php?rest_route=%2Fwp%2Fv2%2Fproduct_cat&post=1587"},{"taxonomy":"product_tag","embeddable":true,"href":"https:\/\/colombiaflores.com.co\/index.php?rest_route=%2Fwp%2Fv2%2Fproduct_tag&post=1587"}],"curies":[{"name":"wp","href":"https:\/\/api.w.org\/{rel}","templated":true}]}}