{"id":1607,"date":"2021-11-12T15:00:03","date_gmt":"2021-11-12T20:00:03","guid":{"rendered":"https:\/\/colombiaflores.com.co\/?product=flores-de-amor-nogal"},"modified":"2024-05-10T00:43:36","modified_gmt":"2024-05-10T05:43:36","slug":"flores-de-amor-nogal","status":"publish","type":"product","link":"https:\/\/colombiaflores.com.co\/?product=flores-de-amor-nogal","title":{"rendered":"Flores de amor Nogal"},"content":{"rendered":"","protected":false},"excerpt":{"rendered":"<p>El arreglo de Flores de amor Nogal es un hermoso detalle compuesto por 15 rosas en caja, acompa\u00f1adas por 8 chocolates Ferrero, este arreglo debe solicitarse con 24 horas de antelaci\u00f3n, dise\u00f1ado para que puedas expresarle tus sentimientos a esa persona especial. Incluye tarjeta con un mensaje personalizado sin costo adicional.<\/p>\n","protected":false},"featured_media":1358,"template":"","meta":[],"product_cat":[24],"product_tag":[],"class_list":{"0":"post-1607","1":"product","2":"type-product","3":"status-publish","4":"has-post-thumbnail","6":"product_cat-flores-para-mi-novia","8":"first","9":"instock","10":"shipping-taxable","11":"purchasable","12":"product-type-simple"},"aioseo_notices":[],"_links":{"self":[{"href":"https:\/\/colombiaflores.com.co\/index.php?rest_route=\/wp\/v2\/product\/1607","targetHints":{"allow":["GET"]}}],"collection":[{"href":"https:\/\/colombiaflores.com.co\/index.php?rest_route=\/wp\/v2\/product"}],"about":[{"href":"https:\/\/colombiaflores.com.co\/index.php?rest_route=\/wp\/v2\/types\/product"}],"wp:featuredmedia":[{"embeddable":true,"href":"https:\/\/colombiaflores.com.co\/index.php?rest_route=\/wp\/v2\/media\/1358"}],"wp:attachment":[{"href":"https:\/\/colombiaflores.com.co\/index.php?rest_route=%2Fwp%2Fv2%2Fmedia&parent=1607"}],"wp:term":[{"taxonomy":"product_cat","embeddable":true,"href":"https:\/\/colombiaflores.com.co\/index.php?rest_route=%2Fwp%2Fv2%2Fproduct_cat&post=1607"},{"taxonomy":"product_tag","embeddable":true,"href":"https:\/\/colombiaflores.com.co\/index.php?rest_route=%2Fwp%2Fv2%2Fproduct_tag&post=1607"}],"curies":[{"name":"wp","href":"https:\/\/api.w.org\/{rel}","templated":true}]}}