{"id":1633,"date":"2021-11-12T15:03:19","date_gmt":"2021-11-12T20:03:19","guid":{"rendered":"https:\/\/colombiaflores.com.co\/?product=flores-para-cumpleanos-orquideas"},"modified":"2021-11-12T15:03:19","modified_gmt":"2021-11-12T20:03:19","slug":"flores-para-cumpleanos-orquideas","status":"publish","type":"product","link":"https:\/\/colombiaflores.com.co\/?product=flores-para-cumpleanos-orquideas","title":{"rendered":"flores para cumplea\u00f1os Orqu\u00eddeas"},"content":{"rendered":"","protected":false},"excerpt":{"rendered":"<p>El arreglo de flores para cumplea\u00f1os Orqu\u00eddeas es un hermoso detalle, dise\u00f1ado para que puedas sorprender a esa persona especial. Incluye tarjeta con un mensaje personalizado sin costo adicional.<\/p>\n","protected":false},"featured_media":1491,"template":"","meta":[],"product_cat":[33],"product_tag":[],"class_list":{"0":"post-1633","1":"product","2":"type-product","3":"status-publish","4":"has-post-thumbnail","6":"product_cat-flores-para-cumpleanos","8":"first","9":"instock","10":"shipping-taxable","11":"purchasable","12":"product-type-simple"},"aioseo_notices":[],"_links":{"self":[{"href":"https:\/\/colombiaflores.com.co\/index.php?rest_route=\/wp\/v2\/product\/1633","targetHints":{"allow":["GET"]}}],"collection":[{"href":"https:\/\/colombiaflores.com.co\/index.php?rest_route=\/wp\/v2\/product"}],"about":[{"href":"https:\/\/colombiaflores.com.co\/index.php?rest_route=\/wp\/v2\/types\/product"}],"wp:featuredmedia":[{"embeddable":true,"href":"https:\/\/colombiaflores.com.co\/index.php?rest_route=\/wp\/v2\/media\/1491"}],"wp:attachment":[{"href":"https:\/\/colombiaflores.com.co\/index.php?rest_route=%2Fwp%2Fv2%2Fmedia&parent=1633"}],"wp:term":[{"taxonomy":"product_cat","embeddable":true,"href":"https:\/\/colombiaflores.com.co\/index.php?rest_route=%2Fwp%2Fv2%2Fproduct_cat&post=1633"},{"taxonomy":"product_tag","embeddable":true,"href":"https:\/\/colombiaflores.com.co\/index.php?rest_route=%2Fwp%2Fv2%2Fproduct_tag&post=1633"}],"curies":[{"name":"wp","href":"https:\/\/api.w.org\/{rel}","templated":true}]}}