{"id":1677,"date":"2021-11-12T15:03:25","date_gmt":"2021-11-12T20:03:25","guid":{"rendered":"https:\/\/colombiaflores.com.co\/?product=flores-para-cumpleanos-banderas"},"modified":"2024-05-09T23:51:03","modified_gmt":"2024-05-10T04:51:03","slug":"flores-para-cumpleanos-banderas","status":"publish","type":"product","link":"https:\/\/colombiaflores.com.co\/?product=flores-para-cumpleanos-banderas","title":{"rendered":"flores para cumplea\u00f1os Banderas"},"content":{"rendered":"","protected":false},"excerpt":{"rendered":"<p>El arreglo de flores para cumplea\u00f1os Banderas es un hermoso detalle, dise\u00f1ado para que puedas sorprender a esa persona especial. Incluye tarjeta con un mensaje personalizado sin costo adicional.<\/p>\n","protected":false},"featured_media":1525,"template":"","meta":[],"product_cat":[33],"product_tag":[],"class_list":{"0":"post-1677","1":"product","2":"type-product","3":"status-publish","4":"has-post-thumbnail","6":"product_cat-flores-para-cumpleanos","8":"first","9":"instock","10":"shipping-taxable","11":"purchasable","12":"product-type-simple"},"aioseo_notices":[],"_links":{"self":[{"href":"https:\/\/colombiaflores.com.co\/index.php?rest_route=\/wp\/v2\/product\/1677","targetHints":{"allow":["GET"]}}],"collection":[{"href":"https:\/\/colombiaflores.com.co\/index.php?rest_route=\/wp\/v2\/product"}],"about":[{"href":"https:\/\/colombiaflores.com.co\/index.php?rest_route=\/wp\/v2\/types\/product"}],"wp:featuredmedia":[{"embeddable":true,"href":"https:\/\/colombiaflores.com.co\/index.php?rest_route=\/wp\/v2\/media\/1525"}],"wp:attachment":[{"href":"https:\/\/colombiaflores.com.co\/index.php?rest_route=%2Fwp%2Fv2%2Fmedia&parent=1677"}],"wp:term":[{"taxonomy":"product_cat","embeddable":true,"href":"https:\/\/colombiaflores.com.co\/index.php?rest_route=%2Fwp%2Fv2%2Fproduct_cat&post=1677"},{"taxonomy":"product_tag","embeddable":true,"href":"https:\/\/colombiaflores.com.co\/index.php?rest_route=%2Fwp%2Fv2%2Fproduct_tag&post=1677"}],"curies":[{"name":"wp","href":"https:\/\/api.w.org\/{rel}","templated":true}]}}