{"id":1942,"date":"2021-11-22T00:23:16","date_gmt":"2021-11-22T05:23:16","guid":{"rendered":"https:\/\/colombiaflores.com.co\/?product=arreglo-de-flores-en-caja-chapinero"},"modified":"2021-11-22T00:23:16","modified_gmt":"2021-11-22T05:23:16","slug":"arreglo-de-flores-en-caja-chapinero","status":"publish","type":"product","link":"https:\/\/colombiaflores.com.co\/?product=arreglo-de-flores-en-caja-chapinero","title":{"rendered":"Arreglo de flores en caja Chapinero"},"content":{"rendered":"","protected":false},"excerpt":{"rendered":"<p>El arreglo flores en caja Chapinero, es un hermoso detalle dise\u00f1ado para que puedas sorprender a esa persona especial. Incluye tarjeta con un mensaje personalizado sin costo adicional.<\/p>\n<p>Nota: El arreglo flores en caja Chapinero es un dise\u00f1o elaborado con fresas cubiertas con chocolate, burbujas personalizadas y\/o flores ex\u00f3ticas, por ello debes solicitarlo con 24 horas de antelaci\u00f3n a la fecha de entrega, si lo requieres para el mismo d\u00eda comun\u00edcate a nuestra l\u00ednea de atenci\u00f3n (+57)322 290 2865. <\/p>\n","protected":false},"featured_media":1823,"template":"","meta":[],"product_cat":[30],"product_tag":[],"class_list":{"0":"post-1942","1":"product","2":"type-product","3":"status-publish","4":"has-post-thumbnail","6":"product_cat-flores-en-caja","8":"first","9":"instock","10":"shipping-taxable","11":"purchasable","12":"product-type-simple"},"aioseo_notices":[],"_links":{"self":[{"href":"https:\/\/colombiaflores.com.co\/index.php?rest_route=\/wp\/v2\/product\/1942","targetHints":{"allow":["GET"]}}],"collection":[{"href":"https:\/\/colombiaflores.com.co\/index.php?rest_route=\/wp\/v2\/product"}],"about":[{"href":"https:\/\/colombiaflores.com.co\/index.php?rest_route=\/wp\/v2\/types\/product"}],"wp:featuredmedia":[{"embeddable":true,"href":"https:\/\/colombiaflores.com.co\/index.php?rest_route=\/wp\/v2\/media\/1823"}],"wp:attachment":[{"href":"https:\/\/colombiaflores.com.co\/index.php?rest_route=%2Fwp%2Fv2%2Fmedia&parent=1942"}],"wp:term":[{"taxonomy":"product_cat","embeddable":true,"href":"https:\/\/colombiaflores.com.co\/index.php?rest_route=%2Fwp%2Fv2%2Fproduct_cat&post=1942"},{"taxonomy":"product_tag","embeddable":true,"href":"https:\/\/colombiaflores.com.co\/index.php?rest_route=%2Fwp%2Fv2%2Fproduct_tag&post=1942"}],"curies":[{"name":"wp","href":"https:\/\/api.w.org\/{rel}","templated":true}]}}