{"id":2006,"date":"2021-11-22T00:23:35","date_gmt":"2021-11-22T05:23:35","guid":{"rendered":"https:\/\/colombiaflores.com.co\/?product=arreglo-de-flores-y-frutas-villavicencio"},"modified":"2025-01-06T23:39:11","modified_gmt":"2025-01-07T04:39:11","slug":"arreglo-de-flores-y-frutas-villavicencio","status":"publish","type":"product","link":"https:\/\/colombiaflores.com.co\/?product=arreglo-de-flores-y-frutas-villavicencio","title":{"rendered":"Arreglo de flores y frutas Villavicencio"},"content":{"rendered":"","protected":false},"excerpt":{"rendered":"<p>El arreglo de flores y frutas Villavicencio, es un hermoso detalle dise\u00f1ado para que puedas sorprender a esa persona especial. Incluye tarjeta con un mensaje personalizado sin costo adicional.<\/p>\n<p>Nota: El arreglo de flores y frutas Villavicencio es un dise\u00f1o elaborado con fresas cubiertas con chocolate, burbujas personalizadas y\/o flores ex\u00f3ticas, por ello debes solicitarlo con 24 horas de antelaci\u00f3n a la fecha de entrega, si lo requieres para el mismo d\u00eda comun\u00edcate a nuestra l\u00ednea de atenci\u00f3n (+57)322 290 2865. <\/p>\n","protected":false},"featured_media":1900,"template":"","meta":[],"product_cat":[32],"product_tag":[],"class_list":{"0":"post-2006","1":"product","2":"type-product","3":"status-publish","4":"has-post-thumbnail","6":"product_cat-arreglo-con-flores-y-frutas","8":"first","9":"instock","10":"shipping-taxable","11":"purchasable","12":"product-type-simple"},"aioseo_notices":[],"_links":{"self":[{"href":"https:\/\/colombiaflores.com.co\/index.php?rest_route=\/wp\/v2\/product\/2006","targetHints":{"allow":["GET"]}}],"collection":[{"href":"https:\/\/colombiaflores.com.co\/index.php?rest_route=\/wp\/v2\/product"}],"about":[{"href":"https:\/\/colombiaflores.com.co\/index.php?rest_route=\/wp\/v2\/types\/product"}],"wp:featuredmedia":[{"embeddable":true,"href":"https:\/\/colombiaflores.com.co\/index.php?rest_route=\/wp\/v2\/media\/1900"}],"wp:attachment":[{"href":"https:\/\/colombiaflores.com.co\/index.php?rest_route=%2Fwp%2Fv2%2Fmedia&parent=2006"}],"wp:term":[{"taxonomy":"product_cat","embeddable":true,"href":"https:\/\/colombiaflores.com.co\/index.php?rest_route=%2Fwp%2Fv2%2Fproduct_cat&post=2006"},{"taxonomy":"product_tag","embeddable":true,"href":"https:\/\/colombiaflores.com.co\/index.php?rest_route=%2Fwp%2Fv2%2Fproduct_tag&post=2006"}],"curies":[{"name":"wp","href":"https:\/\/api.w.org\/{rel}","templated":true}]}}