{"id":2187,"date":"2021-11-23T19:23:01","date_gmt":"2021-11-24T00:23:01","guid":{"rendered":"https:\/\/colombiaflores.com.co\/?product=rosa-preservada-fe"},"modified":"2024-10-30T21:39:27","modified_gmt":"2024-10-31T02:39:27","slug":"rosa-preservada-fe","status":"publish","type":"product","link":"https:\/\/colombiaflores.com.co\/?product=rosa-preservada-fe","title":{"rendered":"Rosa preservada f\u00e9"},"content":{"rendered":"","protected":false},"excerpt":{"rendered":"<p>La rosa preservada F\u00e9 es una ofrenda floral con mensaje personalizado, que con los cuidados adecuados y seg\u00fan el clima puede tener una duraci\u00f3n hasta de 2 a\u00f1os; esta ofrenda es conveniente para expresar los sentimientos, experiencias y ense\u00f1anzas que la persona que parti\u00f3 ha dejado en los corazones de sus seres queridos.<\/p>\n<p>Este tipo de ofrenda es adecuada para enviarse semanas despu\u00e9s de la realizaci\u00f3n de las honras f\u00fanebres, o casos en los que no se permite el desarrollo de ceremonias de exequias como lo son funerales por Covid.<\/p>\n<p>Env\u00edo directo a la direcci\u00f3n suministrada por el cliente, remitimos soportes de elaboraci\u00f3n y entrega de su solicitud a trav\u00e9s de Whatsapp. Si requiere la entrega en una ciudad diferente a Bogot\u00e1, comun\u00edquese por favor con nuestros asesores al n\u00famero (+57) 322 290 2865.<\/p>\n","protected":false},"featured_media":2057,"template":"","meta":[],"product_cat":[35],"product_tag":[],"class_list":{"0":"post-2187","1":"product","2":"type-product","3":"status-publish","4":"has-post-thumbnail","6":"product_cat-ramos-funebres","8":"first","9":"instock","10":"shipping-taxable","11":"purchasable","12":"product-type-simple"},"aioseo_notices":[],"_links":{"self":[{"href":"https:\/\/colombiaflores.com.co\/index.php?rest_route=\/wp\/v2\/product\/2187","targetHints":{"allow":["GET"]}}],"collection":[{"href":"https:\/\/colombiaflores.com.co\/index.php?rest_route=\/wp\/v2\/product"}],"about":[{"href":"https:\/\/colombiaflores.com.co\/index.php?rest_route=\/wp\/v2\/types\/product"}],"wp:featuredmedia":[{"embeddable":true,"href":"https:\/\/colombiaflores.com.co\/index.php?rest_route=\/wp\/v2\/media\/2057"}],"wp:attachment":[{"href":"https:\/\/colombiaflores.com.co\/index.php?rest_route=%2Fwp%2Fv2%2Fmedia&parent=2187"}],"wp:term":[{"taxonomy":"product_cat","embeddable":true,"href":"https:\/\/colombiaflores.com.co\/index.php?rest_route=%2Fwp%2Fv2%2Fproduct_cat&post=2187"},{"taxonomy":"product_tag","embeddable":true,"href":"https:\/\/colombiaflores.com.co\/index.php?rest_route=%2Fwp%2Fv2%2Fproduct_tag&post=2187"}],"curies":[{"name":"wp","href":"https:\/\/api.w.org\/{rel}","templated":true}]}}