{"id":2194,"date":"2021-11-23T19:23:02","date_gmt":"2021-11-24T00:23:02","guid":{"rendered":"https:\/\/colombiaflores.com.co\/?product=ramo-funebre-economico-bogota"},"modified":"2025-01-06T21:35:31","modified_gmt":"2025-01-07T02:35:31","slug":"ramo-funebre-economico-bogota","status":"publish","type":"product","link":"https:\/\/colombiaflores.com.co\/?product=ramo-funebre-economico-bogota","title":{"rendered":"Ramo f\u00fanebre econ\u00f3mico Bogot\u00e1"},"content":{"rendered":"","protected":false},"excerpt":{"rendered":"<p>El ramo f\u00fanebre econ\u00f3mico Bogot\u00e1 es una ofrenda floral tipo cubre cofre; este dise\u00f1o incluye una cinta personalizada con el nombre del remitente, y una tarjeta para expresar su solidaridad. El color y tipo de algunas flores puede cambiar de acuerdo a disponibilidad o la regi\u00f3n del pa\u00eds en la que se requiera la entrega, respetando su similitud con el dise\u00f1o original.<\/p>\n<p> Env\u00edo directo a salas de velaci\u00f3n de las funerarias, remitimos soportes de elaboraci\u00f3n y entrega de su solicitud a trav\u00e9s de Whatsapp. Si requiere la entrega en una ciudad diferente a Bogot\u00e1, comun\u00edquese por favor con nuestros asesores al n\u00famero (+57) 322 290 2865.<\/p>\n","protected":false},"featured_media":2070,"template":"","meta":[],"product_cat":[35],"product_tag":[],"class_list":{"0":"post-2194","1":"product","2":"type-product","3":"status-publish","4":"has-post-thumbnail","6":"product_cat-ramos-funebres","8":"first","9":"instock","10":"shipping-taxable","11":"purchasable","12":"product-type-simple"},"aioseo_notices":[],"_links":{"self":[{"href":"https:\/\/colombiaflores.com.co\/index.php?rest_route=\/wp\/v2\/product\/2194","targetHints":{"allow":["GET"]}}],"collection":[{"href":"https:\/\/colombiaflores.com.co\/index.php?rest_route=\/wp\/v2\/product"}],"about":[{"href":"https:\/\/colombiaflores.com.co\/index.php?rest_route=\/wp\/v2\/types\/product"}],"wp:featuredmedia":[{"embeddable":true,"href":"https:\/\/colombiaflores.com.co\/index.php?rest_route=\/wp\/v2\/media\/2070"}],"wp:attachment":[{"href":"https:\/\/colombiaflores.com.co\/index.php?rest_route=%2Fwp%2Fv2%2Fmedia&parent=2194"}],"wp:term":[{"taxonomy":"product_cat","embeddable":true,"href":"https:\/\/colombiaflores.com.co\/index.php?rest_route=%2Fwp%2Fv2%2Fproduct_cat&post=2194"},{"taxonomy":"product_tag","embeddable":true,"href":"https:\/\/colombiaflores.com.co\/index.php?rest_route=%2Fwp%2Fv2%2Fproduct_tag&post=2194"}],"curies":[{"name":"wp","href":"https:\/\/api.w.org\/{rel}","templated":true}]}}